{"id":2,"date":"2021-03-30T10:00:50","date_gmt":"2021-03-30T08:00:50","guid":{"rendered":"https:\/\/lennertzaccounting.myskydoowebsite.com\/?page_id=2"},"modified":"2024-01-26T13:41:35","modified_gmt":"2024-01-26T12:41:35","slug":"accueil","status":"publish","type":"page","link":"https:\/\/lennertzaccounting.myskydoowebsite.com\/de\/","title":{"rendered":"Home"},"content":{"rendered":"<div data-elementor-type=\"wp-page\" data-elementor-id=\"2\" class=\"elementor elementor-2\" data-elementor-post-type=\"page\">\n\t\t\t\t<div class=\"elementor-element elementor-element-b20fd39 e-con-full e-flex e-con e-parent\" data-id=\"b20fd39\" data-element_type=\"container\" data-e-type=\"container\" data-settings=\"{&quot;background_background&quot;:&quot;classic&quot;}\">\n\t\t<div class=\"elementor-element elementor-element-bb3c6ba e-flex e-con-boxed e-con e-child\" data-id=\"bb3c6ba\" data-element_type=\"container\" data-e-type=\"container\">\n\t\t\t\t\t<div class=\"e-con-inner\">\n\t\t\t\t<div class=\"elementor-element elementor-element-8500592 elementor-widget elementor-widget-heading\" data-id=\"8500592\" data-element_type=\"widget\" data-e-type=\"widget\" data-widget_type=\"heading.default\">\n\t\t\t\t<div class=\"elementor-widget-container\">\n\t\t\t\t\t<h2 class=\"elementor-heading-title elementor-size-default\">Buchhaltung und Finanzberatung<\/h2>\t\t\t\t<\/div>\n\t\t\t\t<\/div>\n\t\t\t\t<div class=\"elementor-element elementor-element-4b1fb27 elementor-widget elementor-widget-heading\" data-id=\"4b1fb27\" data-element_type=\"widget\" data-e-type=\"widget\" data-widget_type=\"heading.default\">\n\t\t\t\t<div class=\"elementor-widget-container\">\n\t\t\t\t\t<h2 class=\"elementor-heading-title elementor-size-default\">Steuerliche Optimierung und ma\u00dfgeschneiderte Buchhaltung<\/h2>\t\t\t\t<\/div>\n\t\t\t\t<\/div>\n\t\t<div class=\"elementor-element elementor-element-228cf79 e-flex e-con-boxed e-con e-child\" data-id=\"228cf79\" data-element_type=\"container\" data-e-type=\"container\">\n\t\t\t\t\t<div class=\"e-con-inner\">\n\t\t\t\t<div class=\"elementor-element elementor-element-212edeb elementor-align-left elementor-widget elementor-widget-button\" data-id=\"212edeb\" data-element_type=\"widget\" data-e-type=\"widget\" data-widget_type=\"button.default\">\n\t\t\t\t<div class=\"elementor-widget-container\">\n\t\t\t\t\t\t\t\t\t<div class=\"elementor-button-wrapper\">\n\t\t\t\t\t<a class=\"elementor-button elementor-button-link elementor-size-sm elementor-animation-shrink\" href=\"tel:0032%2087%2055%2031%2048\">\n\t\t\t\t\t\t<span class=\"elementor-button-content-wrapper\">\n\t\t\t\t\t\t\t\t\t<span class=\"elementor-button-text\">0 87 55 31 48<\/span>\n\t\t\t\t\t<\/span>\n\t\t\t\t\t<\/a>\n\t\t\t\t<\/div>\n\t\t\t\t\t\t\t\t<\/div>\n\t\t\t\t<\/div>\n\t\t\t\t<div class=\"elementor-element elementor-element-be46f0c elementor-align-right elementor-widget elementor-widget-button\" data-id=\"be46f0c\" data-element_type=\"widget\" data-e-type=\"widget\" data-widget_type=\"button.default\">\n\t\t\t\t<div class=\"elementor-widget-container\">\n\t\t\t\t\t\t\t\t\t<div class=\"elementor-button-wrapper\">\n\t\t\t\t\t<a class=\"elementor-button elementor-button-link elementor-size-sm elementor-animation-shrink\" href=\"#\">\n\t\t\t\t\t\t<span class=\"elementor-button-content-wrapper\">\n\t\t\t\t\t\t\t\t\t<span class=\"elementor-button-text\">Kontaktieren Sie uns<\/span>\n\t\t\t\t\t<\/span>\n\t\t\t\t\t<\/a>\n\t\t\t\t<\/div>\n\t\t\t\t\t\t\t\t<\/div>\n\t\t\t\t<\/div>\n\t\t\t\t\t<\/div>\n\t\t\t\t<\/div>\n\t\t\t\t\t<\/div>\n\t\t\t\t<\/div>\n\t\t\t\t<\/div>\n\t\t<div class=\"elementor-element elementor-element-b5a8973 e-flex e-con-boxed e-con e-parent\" data-id=\"b5a8973\" data-element_type=\"container\" data-e-type=\"container\">\n\t\t\t\t\t<div class=\"e-con-inner\">\n\t\t\t\t<div class=\"elementor-element elementor-element-ad3b3c6 elementor-widget elementor-widget-heading\" data-id=\"ad3b3c6\" data-element_type=\"widget\" data-e-type=\"widget\" data-widget_type=\"heading.default\">\n\t\t\t\t<div class=\"elementor-widget-container\">\n\t\t\t\t\t<h2 class=\"elementor-heading-title elementor-size-default\">Lennertz Accounting: der Experte f\u00fcr Ihr Steuer- und Rechnungswesen! <\/h2>\t\t\t\t<\/div>\n\t\t\t\t<\/div>\n\t\t\t\t<div class=\"elementor-element elementor-element-df5b9bf elementor-widget elementor-widget-heading\" data-id=\"df5b9bf\" data-element_type=\"widget\" data-e-type=\"widget\" data-widget_type=\"heading.default\">\n\t\t\t\t<div class=\"elementor-widget-container\">\n\t\t\t\t\t<h3 class=\"elementor-heading-title elementor-size-default\">Ein familiengef\u00fchrtes Treuhandunternehmen zu Ihren Diensten!<\/h3>\t\t\t\t<\/div>\n\t\t\t\t<\/div>\n\t\t\t\t<div class=\"elementor-element elementor-element-19319ba elementor-widget elementor-widget-text-editor\" data-id=\"19319ba\" data-element_type=\"widget\" data-e-type=\"widget\" data-widget_type=\"text-editor.default\">\n\t\t\t\t<div class=\"elementor-widget-container\">\n\t\t\t\t\t\t\t\t\t<p>Als selbstst\u00e4ndiger Unternehmer, Einzelunternehmer, Gesellschaft, KMU... Ihr Treuhandunternehmen Lennertz Accounting<\/p>\t\t\t\t\t\t\t\t<\/div>\n\t\t\t\t<\/div>\n\t\t\t\t<div class=\"elementor-element elementor-element-2219b5d elementor-widget elementor-widget-heading\" data-id=\"2219b5d\" data-element_type=\"widget\" data-e-type=\"widget\" data-widget_type=\"heading.default\">\n\t\t\t\t<div class=\"elementor-widget-container\">\n\t\t\t\t\t<h3 class=\"elementor-heading-title elementor-size-default\">Ihre finanziellen Herausforderungen von A bis Z<\/h3>\t\t\t\t<\/div>\n\t\t\t\t<\/div>\n\t\t\t\t<div class=\"elementor-element elementor-element-20766c1 elementor-widget elementor-widget-text-editor\" data-id=\"20766c1\" data-element_type=\"widget\" data-e-type=\"widget\" data-widget_type=\"text-editor.default\">\n\t\t\t\t<div class=\"elementor-widget-container\">\n\t\t\t\t\t\t\t\t\t<p>Von der Gr\u00fcndung Ihres Unternehmens oder dem Start Ihrer Gesch\u00e4ftst\u00e4tigkeit bis hin zur Liquidation und Gewinnverteilung ... Sie k\u00f6nnen sich w\u00e4hrend des gesamten Lebenslaufs Ihres Unternehmens auf einen zuverl\u00e4ssigen Partner verlassen. In Steuerfragen, Buchhaltung, Gesellschaftsrecht und bei all Ihren anderen finanziellen Herausforderungen.<\/p>\t\t\t\t\t\t\t\t<\/div>\n\t\t\t\t<\/div>\n\t\t\t\t<div class=\"elementor-element elementor-element-72c18c3 elementor-widget elementor-widget-heading\" data-id=\"72c18c3\" data-element_type=\"widget\" data-e-type=\"widget\" data-widget_type=\"heading.default\">\n\t\t\t\t<div class=\"elementor-widget-container\">\n\t\t\t\t\t<h3 class=\"elementor-heading-title elementor-size-default\">Expertise und Know-how<\/h3>\t\t\t\t<\/div>\n\t\t\t\t<\/div>\n\t\t\t\t<div class=\"elementor-element elementor-element-671b4b1 elementor-widget elementor-widget-text-editor\" data-id=\"671b4b1\" data-element_type=\"widget\" data-e-type=\"widget\" data-widget_type=\"text-editor.default\">\n\t\t\t\t<div class=\"elementor-widget-container\">\n\t\t\t\t\t\t\t\t\t<p>Was sind unsere St\u00e4rken? Vor allem das Fachwissen, das Know-how und die Ratschl\u00e4ge unseres Teams von Fachleuten, aber auch die Kenntnis Ihrer Realit\u00e4t als Unternehmer, unabh\u00e4ngig von Ihrer T\u00e4tigkeit oder Ihrem Sektor: Medizin, Bauwesen, Gesch\u00e4fte und L\u00e4den, Automobil, Ingenieurwesen, Horeca...<\/p>\t\t\t\t\t\t\t\t<\/div>\n\t\t\t\t<\/div>\n\t\t\t\t\t<\/div>\n\t\t\t\t<\/div>\n\t\t<div class=\"elementor-element elementor-element-9d33a9f e-flex e-con-boxed e-con e-parent\" data-id=\"9d33a9f\" data-element_type=\"container\" data-e-type=\"container\" data-settings=\"{&quot;background_background&quot;:&quot;gradient&quot;}\">\n\t\t\t\t\t<div class=\"e-con-inner\">\n\t\t\t\t<div class=\"elementor-element elementor-element-6946afd elementor-widget elementor-widget-heading\" data-id=\"6946afd\" data-element_type=\"widget\" data-e-type=\"widget\" data-widget_type=\"heading.default\">\n\t\t\t\t<div class=\"elementor-widget-container\">\n\t\t\t\t\t<h4 class=\"elementor-heading-title elementor-size-default\">Unsere Dienstleistungen<\/h4>\t\t\t\t<\/div>\n\t\t\t\t<\/div>\n\t\t<div class=\"elementor-element elementor-element-fc0f634 e-flex e-con-boxed e-con e-child\" data-id=\"fc0f634\" data-element_type=\"container\" data-e-type=\"container\">\n\t\t\t\t\t<div class=\"e-con-inner\">\n\t\t<div class=\"elementor-element elementor-element-c81fcd7 e-flex e-con-boxed e-con e-child\" data-id=\"c81fcd7\" data-element_type=\"container\" data-e-type=\"container\" data-settings=\"{&quot;background_background&quot;:&quot;classic&quot;}\">\n\t\t\t\t\t<div class=\"e-con-inner\">\n\t\t\t\t<div class=\"elementor-element elementor-element-4c93132 elementor-widget__width-initial elementor-widget elementor-widget-image\" data-id=\"4c93132\" data-element_type=\"widget\" data-e-type=\"widget\" data-widget_type=\"image.default\">\n\t\t\t\t<div class=\"elementor-widget-container\">\n\t\t\t\t\t\t\t\t\t\t\t\t\t\t\t<img decoding=\"async\" width=\"64\" height=\"80\" src=\"https:\/\/lennertzaccounting.myskydoowebsite.com\/wp-content\/uploads\/favicon-la-no-back.png\" class=\"attachment-large size-large wp-image-250\" alt=\",\" title=\"\">\t\t\t\t\t\t\t\t\t\t\t\t\t\t\t<\/div>\n\t\t\t\t<\/div>\n\t\t\t\t<div class=\"elementor-element elementor-element-8cd7bf3 elementor-widget elementor-widget-heading\" data-id=\"8cd7bf3\" data-element_type=\"widget\" data-e-type=\"widget\" data-widget_type=\"heading.default\">\n\t\t\t\t<div class=\"elementor-widget-container\">\n\t\t\t\t\t<h2 class=\"elementor-heading-title elementor-size-default\"><a href=\"https:\/\/lennertzaccounting.myskydoowebsite.com\/de\/fiscalite\/\">Unsere Steuerbeh\u00f6rden<\/a><\/h2>\t\t\t\t<\/div>\n\t\t\t\t<\/div>\n\t\t\t\t<div class=\"elementor-element elementor-element-d462d0a elementor-widget elementor-widget-text-editor\" data-id=\"d462d0a\" data-element_type=\"widget\" data-e-type=\"widget\" data-widget_type=\"text-editor.default\">\n\t\t\t\t<div class=\"elementor-widget-container\">\n\t\t\t\t\t\t\t\t\t<p>Einkommensteuer f\u00fcr nat\u00fcrliche Personen (IPP), K\u00f6rperschaftsteuer (ISOC), Mehrwertsteuer (MwSt.)... So begleiten wir Ihre Steuerangelegenheiten.<\/p>\t\t\t\t\t\t\t\t<\/div>\n\t\t\t\t<\/div>\n\t\t\t\t<div class=\"elementor-element elementor-element-8f33832 elementor-align-right elementor-widget elementor-widget-button\" data-id=\"8f33832\" data-element_type=\"widget\" data-e-type=\"widget\" data-widget_type=\"button.default\">\n\t\t\t\t<div class=\"elementor-widget-container\">\n\t\t\t\t\t\t\t\t\t<div class=\"elementor-button-wrapper\">\n\t\t\t\t\t<a class=\"elementor-button elementor-button-link elementor-size-sm elementor-animation-shrink\" href=\"https:\/\/lennertzaccounting.myskydoowebsite.com\/de\/fiscalite\/\">\n\t\t\t\t\t\t<span class=\"elementor-button-content-wrapper\">\n\t\t\t\t\t\t\t\t\t<span class=\"elementor-button-text\">Entdecken Sie unsere Steuerdienstleistungen<\/span>\n\t\t\t\t\t<\/span>\n\t\t\t\t\t<\/a>\n\t\t\t\t<\/div>\n\t\t\t\t\t\t\t\t<\/div>\n\t\t\t\t<\/div>\n\t\t\t\t\t<\/div>\n\t\t\t\t<\/div>\n\t\t<div class=\"elementor-element elementor-element-b1541fd e-con-full e-flex e-con e-child\" data-id=\"b1541fd\" data-element_type=\"container\" data-e-type=\"container\" data-settings=\"{&quot;background_background&quot;:&quot;classic&quot;}\">\n\t\t\t\t<div class=\"elementor-element elementor-element-c2b9321 elementor-widget__width-initial elementor-widget elementor-widget-image\" data-id=\"c2b9321\" data-element_type=\"widget\" data-e-type=\"widget\" data-widget_type=\"image.default\">\n\t\t\t\t<div class=\"elementor-widget-container\">\n\t\t\t\t\t\t\t\t\t\t\t\t\t\t\t<img decoding=\"async\" width=\"64\" height=\"80\" src=\"https:\/\/lennertzaccounting.myskydoowebsite.com\/wp-content\/uploads\/favicon-la-no-back-hell.png\" class=\"attachment-large size-large wp-image-251\" alt=\",\" title=\"\">\t\t\t\t\t\t\t\t\t\t\t\t\t\t\t<\/div>\n\t\t\t\t<\/div>\n\t\t\t\t<div class=\"elementor-element elementor-element-fb64770 elementor-widget elementor-widget-heading\" data-id=\"fb64770\" data-element_type=\"widget\" data-e-type=\"widget\" data-widget_type=\"heading.default\">\n\t\t\t\t<div class=\"elementor-widget-container\">\n\t\t\t\t\t<h2 class=\"elementor-heading-title elementor-size-default\"><a href=\"https:\/\/lennertzaccounting.myskydoowebsite.com\/de\/comptabilite\/\">Unsere Buchhaltungsdienstleistungen<\/a><\/h2>\t\t\t\t<\/div>\n\t\t\t\t<\/div>\n\t\t\t\t<div class=\"elementor-element elementor-element-7cf7147 elementor-widget elementor-widget-text-editor\" data-id=\"7cf7147\" data-element_type=\"widget\" data-e-type=\"widget\" data-widget_type=\"text-editor.default\">\n\t\t\t\t<div class=\"elementor-widget-container\">\n\t\t\t\t\t\t\t\t\t<p>Erstellung Ihrer Buchhaltung, Kontrolle, Bilanzen, Jahresabschl\u00fcsse, Wirtschaftspr\u00fcfung und Sonderauftr\u00e4ge... Wir betreuen Ihre Buchhaltung in ihrer Gesamtheit.<\/p>\t\t\t\t\t\t\t\t<\/div>\n\t\t\t\t<\/div>\n\t\t\t\t<div class=\"elementor-element elementor-element-6e71de6 elementor-align-left elementor-widget elementor-widget-button\" data-id=\"6e71de6\" data-element_type=\"widget\" data-e-type=\"widget\" data-widget_type=\"button.default\">\n\t\t\t\t<div class=\"elementor-widget-container\">\n\t\t\t\t\t\t\t\t\t<div class=\"elementor-button-wrapper\">\n\t\t\t\t\t<a class=\"elementor-button elementor-button-link elementor-size-sm elementor-animation-shrink\" href=\"https:\/\/lennertzaccounting.myskydoowebsite.com\/de\/comptabilite\/\">\n\t\t\t\t\t\t<span class=\"elementor-button-content-wrapper\">\n\t\t\t\t\t\t\t\t\t<span class=\"elementor-button-text\">Entdecken Sie unsere Buchhaltungsdienstleistungen<\/span>\n\t\t\t\t\t<\/span>\n\t\t\t\t\t<\/a>\n\t\t\t\t<\/div>\n\t\t\t\t\t\t\t\t<\/div>\n\t\t\t\t<\/div>\n\t\t\t\t<\/div>\n\t\t\t\t\t<\/div>\n\t\t\t\t<\/div>\n\t\t\t\t\t<\/div>\n\t\t\t\t<\/div>\n\t\t<div class=\"elementor-element elementor-element-40a3b37 e-flex e-con-boxed e-con e-parent\" data-id=\"40a3b37\" data-element_type=\"container\" data-e-type=\"container\">\n\t\t\t\t\t<div class=\"e-con-inner\">\n\t\t\t\t<div class=\"elementor-element elementor-element-65bdfef elementor-widget elementor-widget-heading\" data-id=\"65bdfef\" data-element_type=\"widget\" data-e-type=\"widget\" data-widget_type=\"heading.default\">\n\t\t\t\t<div class=\"elementor-widget-container\">\n\t\t\t\t\t<h2 class=\"elementor-heading-title elementor-size-default\">N\u00e4he und Expertise, unser gewinnbringendes Duo<\/h2>\t\t\t\t<\/div>\n\t\t\t\t<\/div>\n\t\t\t\t<div class=\"elementor-element elementor-element-6605208 elementor-widget elementor-widget-heading\" data-id=\"6605208\" data-element_type=\"widget\" data-e-type=\"widget\" data-widget_type=\"heading.default\">\n\t\t\t\t<div class=\"elementor-widget-container\">\n\t\t\t\t\t<h3 class=\"elementor-heading-title elementor-size-default\">Eine \u00fcberschaubare Kanzlei von Wirtschaftspr\u00fcfern und Steuerexperten<\/h3>\t\t\t\t<\/div>\n\t\t\t\t<\/div>\n\t\t\t\t<div class=\"elementor-element elementor-element-b07ff36 elementor-widget elementor-widget-text-editor\" data-id=\"b07ff36\" data-element_type=\"widget\" data-e-type=\"widget\" data-widget_type=\"text-editor.default\">\n\t\t\t\t<div class=\"elementor-widget-container\">\n\t\t\t\t\t\t\t\t\t<p>Wie l\u00e4sst sich die Qualit\u00e4t der Dienstleistungen mit einem stets pers\u00f6nlichen Ansatz f\u00fcr jeden Kunden verbinden? Auf der Grundlage seiner famili\u00e4ren DNA verfolgt Ihr Treuh\u00e4nder Lennertz Accounting diese Leitlinie bei jedem seiner Auftr\u00e4ge. Das Ergebnis ist eine menschliche Note, die in allem, was wir tun, pr\u00e4sent ist. Unserer Meinung nach der beste Weg, um Sie voll und ganz von unserer Erfahrung profitieren zu lassen.<\/p>\t\t\t\t\t\t\t\t<\/div>\n\t\t\t\t<\/div>\n\t\t\t\t<div class=\"elementor-element elementor-element-e63a779 elementor-widget elementor-widget-heading\" data-id=\"e63a779\" data-element_type=\"widget\" data-e-type=\"widget\" data-widget_type=\"heading.default\">\n\t\t\t\t<div class=\"elementor-widget-container\">\n\t\t\t\t\t<h3 class=\"elementor-heading-title elementor-size-default\">Besser wissen, um besser beraten zu k\u00f6nnen<\/h3>\t\t\t\t<\/div>\n\t\t\t\t<\/div>\n\t\t\t\t<div class=\"elementor-element elementor-element-744cb7b elementor-widget elementor-widget-text-editor\" data-id=\"744cb7b\" data-element_type=\"widget\" data-e-type=\"widget\" data-widget_type=\"text-editor.default\">\n\t\t\t\t<div class=\"elementor-widget-container\">\n\t\t\t\t\t\t\t\t\t<p>Wir kennen jeden unserer Kunden bis in die Fingerspitzen, auch wenn es nicht nur um Buchhaltung und Steuern geht. Das erm\u00f6glicht es uns, jede Anfrage im richtigen Kontext anzugehen, um noch effizienter und relevanter zu sein. Wir f\u00fchren alle Ihre Anfragen aus, aber wir erkl\u00e4ren und beraten Sie auch.<\/p>\t\t\t\t\t\t\t\t<\/div>\n\t\t\t\t<\/div>\n\t\t\t\t\t<\/div>\n\t\t\t\t<\/div>\n\t\t\t\t<\/div>","protected":false},"excerpt":{"rendered":"<p>Expertise Comptable et Conseil Financier Optimisation Fiscale et Comptabilit\u00e9 Sur-Mesure 0 87 55 31 48 Contactez-nous Lennertz Accounting : l\u2019expert de votre fiscalit\u00e9 et de votre comptabilit\u00e9 ! Une fiduciaire familiale \u00e0 votre service ! Ind\u00e9pendant actif en personne physique, soci\u00e9t\u00e9, PME\u2026 votre fiduciaire Lennertz Accounting Vos enjeux financiers de A \u00e0 Z De la [&hellip;]<\/p>\n","protected":false},"author":1,"featured_media":0,"parent":0,"menu_order":0,"comment_status":"closed","ping_status":"closed","template":"","meta":{"footnotes":""},"class_list":["post-2","page","type-page","status-publish","hentry"],"_links":{"self":[{"href":"https:\/\/lennertzaccounting.myskydoowebsite.com\/de\/wp-json\/wp\/v2\/pages\/2","targetHints":{"allow":["GET"]}}],"collection":[{"href":"https:\/\/lennertzaccounting.myskydoowebsite.com\/de\/wp-json\/wp\/v2\/pages"}],"about":[{"href":"https:\/\/lennertzaccounting.myskydoowebsite.com\/de\/wp-json\/wp\/v2\/types\/page"}],"author":[{"embeddable":true,"href":"https:\/\/lennertzaccounting.myskydoowebsite.com\/de\/wp-json\/wp\/v2\/users\/1"}],"replies":[{"embeddable":true,"href":"https:\/\/lennertzaccounting.myskydoowebsite.com\/de\/wp-json\/wp\/v2\/comments?post=2"}],"version-history":[{"count":75,"href":"https:\/\/lennertzaccounting.myskydoowebsite.com\/de\/wp-json\/wp\/v2\/pages\/2\/revisions"}],"predecessor-version":[{"id":410,"href":"https:\/\/lennertzaccounting.myskydoowebsite.com\/de\/wp-json\/wp\/v2\/pages\/2\/revisions\/410"}],"wp:attachment":[{"href":"https:\/\/lennertzaccounting.myskydoowebsite.com\/de\/wp-json\/wp\/v2\/media?parent=2"}],"curies":[{"name":"wp","href":"https:\/\/api.w.org\/{rel}","templated":true}]}}